{"id":737,"date":"2016-07-17T00:24:32","date_gmt":"2016-07-17T00:24:32","guid":{"rendered":"http:\/\/aitv.ch\/accueil\/?page_id=737"},"modified":"2016-07-28T08:45:41","modified_gmt":"2016-07-28T08:45:41","slug":"gainage-procede-bkp","status":"publish","type":"page","link":"https:\/\/aitv.ch\/accueil\/gainage-procede-bkp\/","title":{"rendered":"GAINAGE <br>PROC\u00c9D\u00c9 BKP"},"content":{"rendered":"<h2>gaine souple BKP<\/h2>\n<p>Ce nouveau proc\u00e9d\u00e9 de gaine souple brevet\u00e9 permet un assainissement qualitatif gr\u00e2ce \u00e0 son syst\u00e8me de mat\u00e9riaux composites uniques. BKP est adapt\u00e9 aux tron\u00e7ons rectilignes et permet une r\u00e9habilitation en un temps record et s\u2019av\u00e8re avantageuse sur le plan \u00e9conomique puisqu\u2019il \u00e9vite les fouilles on\u00e9reuses.<\/p>\n<p>Elabor\u00e9e en usine, la gaine BKP est introduite enti\u00e8rement dans la canalisation. Le durcissement s\u2019op\u00e8re de mani\u00e8re progressive apr\u00e8s le passage d\u2019un train de lampes UV sous contr\u00f4le d\u2019un logiciel. La diminution de la section du tuyau est infime apr\u00e8s l\u2019assainissement.<\/p>\n","protected":false},"excerpt":{"rendered":"gaine souple BKP Ce nouveau proc\u00e9d\u00e9 de gaine souple brevet\u00e9 permet un assainissement qualitatif gr\u00e2ce \u00e0 son syst\u00e8me de mat\u00e9riaux composites uniques. BKP est adapt\u00e9 aux tron\u00e7ons rectilignes et permet une r\u00e9habilitation en un temps record et s\u2019av\u00e8re avantageuse sur le plan \u00e9conomique puisqu\u2019il \u00e9vite les fouilles on\u00e9reuses. Elabor\u00e9e en usine, la gaine BKP est&#8230; <a class=\"view-article\" href=\"https:\/\/aitv.ch\/accueil\/gainage-procede-bkp\/\"><\/a>","protected":false},"author":1,"featured_media":0,"parent":0,"menu_order":0,"comment_status":"closed","ping_status":"closed","template":"page-rehabilitation.php","meta":{"_acf_changed":false,"footnotes":"","_wp_rev_ctl_limit":""},"class_list":["post-737","page","type-page","status-publish","hentry"],"acf":[],"_links":{"self":[{"href":"https:\/\/aitv.ch\/accueil\/wp-json\/wp\/v2\/pages\/737","targetHints":{"allow":["GET"]}}],"collection":[{"href":"https:\/\/aitv.ch\/accueil\/wp-json\/wp\/v2\/pages"}],"about":[{"href":"https:\/\/aitv.ch\/accueil\/wp-json\/wp\/v2\/types\/page"}],"author":[{"embeddable":true,"href":"https:\/\/aitv.ch\/accueil\/wp-json\/wp\/v2\/users\/1"}],"replies":[{"embeddable":true,"href":"https:\/\/aitv.ch\/accueil\/wp-json\/wp\/v2\/comments?post=737"}],"version-history":[{"count":2,"href":"https:\/\/aitv.ch\/accueil\/wp-json\/wp\/v2\/pages\/737\/revisions"}],"predecessor-version":[{"id":791,"href":"https:\/\/aitv.ch\/accueil\/wp-json\/wp\/v2\/pages\/737\/revisions\/791"}],"wp:attachment":[{"href":"https:\/\/aitv.ch\/accueil\/wp-json\/wp\/v2\/media?parent=737"}],"curies":[{"name":"wp","href":"https:\/\/api.w.org\/{rel}","templated":true}]}}