{"id":730,"date":"2016-07-17T00:19:11","date_gmt":"2016-07-17T00:19:11","guid":{"rendered":"http:\/\/aitv.ch\/accueil\/?page_id=730"},"modified":"2016-07-28T08:47:55","modified_gmt":"2016-07-28T08:47:55","slug":"gainage-procede-brawoliner","status":"publish","type":"page","link":"https:\/\/aitv.ch\/accueil\/gainage-procede-brawoliner\/","title":{"rendered":"gainage <br>proc\u00c9d\u00c9 BRAWOLINER"},"content":{"rendered":"<h2>Gaines souples Brawoliner<\/h2>\n<p>L\u2019assainissement des canalisations a \u00e9t\u00e9 r\u00e9volutionn\u00e9 par le proc\u00e9d\u00e9 Brawoliner, tant pour les habitations que les sites industriels. Il \u00e9vite l\u2019excavation de vos conduites d\u00e9fectueuses, leur r\u00e9habilitation est beaucoup plus rapide, sans les inconv\u00e9nients et les co\u00fbts \u00e9lev\u00e9s des travaux.<\/p>\n<p>Cette solution innovante permet de prolonger la dur\u00e9e de vie de vos conduites d\u2019eaux us\u00e9es et claires, quel que soit leur mat\u00e9riau. La gaine est impr\u00e9gn\u00e9e de r\u00e9sine, puis introduite dans le tuyau endommag\u00e9. Le durcissement intervient en quelques heures.<\/p>\n","protected":false},"excerpt":{"rendered":"Gaines souples Brawoliner L\u2019assainissement des canalisations a \u00e9t\u00e9 r\u00e9volutionn\u00e9 par le proc\u00e9d\u00e9 Brawoliner, tant pour les habitations que les sites industriels. Il \u00e9vite l\u2019excavation de vos conduites d\u00e9fectueuses, leur r\u00e9habilitation est beaucoup plus rapide, sans les inconv\u00e9nients et les co\u00fbts \u00e9lev\u00e9s des travaux. Cette solution innovante permet de prolonger la dur\u00e9e de vie de vos&#8230; <a class=\"view-article\" href=\"https:\/\/aitv.ch\/accueil\/gainage-procede-brawoliner\/\"><\/a>","protected":false},"author":1,"featured_media":0,"parent":0,"menu_order":0,"comment_status":"closed","ping_status":"closed","template":"page-rehabilitation.php","meta":{"_acf_changed":false,"footnotes":"","_wp_rev_ctl_limit":""},"class_list":["post-730","page","type-page","status-publish","hentry"],"acf":[],"_links":{"self":[{"href":"https:\/\/aitv.ch\/accueil\/wp-json\/wp\/v2\/pages\/730","targetHints":{"allow":["GET"]}}],"collection":[{"href":"https:\/\/aitv.ch\/accueil\/wp-json\/wp\/v2\/pages"}],"about":[{"href":"https:\/\/aitv.ch\/accueil\/wp-json\/wp\/v2\/types\/page"}],"author":[{"embeddable":true,"href":"https:\/\/aitv.ch\/accueil\/wp-json\/wp\/v2\/users\/1"}],"replies":[{"embeddable":true,"href":"https:\/\/aitv.ch\/accueil\/wp-json\/wp\/v2\/comments?post=730"}],"version-history":[{"count":2,"href":"https:\/\/aitv.ch\/accueil\/wp-json\/wp\/v2\/pages\/730\/revisions"}],"predecessor-version":[{"id":792,"href":"https:\/\/aitv.ch\/accueil\/wp-json\/wp\/v2\/pages\/730\/revisions\/792"}],"wp:attachment":[{"href":"https:\/\/aitv.ch\/accueil\/wp-json\/wp\/v2\/media?parent=730"}],"curies":[{"name":"wp","href":"https:\/\/api.w.org\/{rel}","templated":true}]}}