{"id":723,"date":"2016-07-17T00:14:12","date_gmt":"2016-07-17T00:14:12","guid":{"rendered":"http:\/\/aitv.ch\/accueil\/?page_id=723"},"modified":"2016-07-17T00:14:12","modified_gmt":"2016-07-17T00:14:12","slug":"gainage-procede-rep-liner","status":"publish","type":"page","link":"https:\/\/aitv.ch\/accueil\/gainage-procede-rep-liner\/","title":{"rendered":"GAINAGE <br>PROC\u00c9D\u00c9 REP-LINER"},"content":{"rendered":"<h2>Gainage partiel Rep-liner<\/h2>\n<p>AITV vous garantit des solutions sur-mesure. Toute r\u00e9habilitation est co\u00fbteuse, il est donc primordial de pouvoir compter sur des professionnels exp\u00e9riment\u00e9s qui sauront poser le bon diagnostic et vous proposer la solution la plus \u00e9conomique et durable.<\/p>\n<p>Les coques inox ou r\u00e9sine \u00e9poxy d\u2019une extr\u00eame durabilit\u00e9 sont id\u00e9ales pour renforcer de mani\u00e8re significative la paroi d\u2019une canalisation.<\/p>\n","protected":false},"excerpt":{"rendered":"Gainage partiel Rep-liner AITV vous garantit des solutions sur-mesure. Toute r\u00e9habilitation est co\u00fbteuse, il est donc primordial de pouvoir compter sur des professionnels exp\u00e9riment\u00e9s qui sauront poser le bon diagnostic et vous proposer la solution la plus \u00e9conomique et durable. Les coques inox ou r\u00e9sine \u00e9poxy d\u2019une extr\u00eame durabilit\u00e9 sont id\u00e9ales pour renforcer de mani\u00e8re&#8230; <a class=\"view-article\" href=\"https:\/\/aitv.ch\/accueil\/gainage-procede-rep-liner\/\"><\/a>","protected":false},"author":1,"featured_media":0,"parent":0,"menu_order":0,"comment_status":"closed","ping_status":"closed","template":"page-rehabilitation.php","meta":{"_acf_changed":false,"footnotes":"","_wp_rev_ctl_limit":""},"class_list":["post-723","page","type-page","status-publish","hentry"],"acf":[],"_links":{"self":[{"href":"https:\/\/aitv.ch\/accueil\/wp-json\/wp\/v2\/pages\/723","targetHints":{"allow":["GET"]}}],"collection":[{"href":"https:\/\/aitv.ch\/accueil\/wp-json\/wp\/v2\/pages"}],"about":[{"href":"https:\/\/aitv.ch\/accueil\/wp-json\/wp\/v2\/types\/page"}],"author":[{"embeddable":true,"href":"https:\/\/aitv.ch\/accueil\/wp-json\/wp\/v2\/users\/1"}],"replies":[{"embeddable":true,"href":"https:\/\/aitv.ch\/accueil\/wp-json\/wp\/v2\/comments?post=723"}],"version-history":[{"count":1,"href":"https:\/\/aitv.ch\/accueil\/wp-json\/wp\/v2\/pages\/723\/revisions"}],"predecessor-version":[{"id":729,"href":"https:\/\/aitv.ch\/accueil\/wp-json\/wp\/v2\/pages\/723\/revisions\/729"}],"wp:attachment":[{"href":"https:\/\/aitv.ch\/accueil\/wp-json\/wp\/v2\/media?parent=723"}],"curies":[{"name":"wp","href":"https:\/\/api.w.org\/{rel}","templated":true}]}}