{"id":718,"date":"2016-07-17T00:09:55","date_gmt":"2016-07-17T00:09:55","guid":{"rendered":"http:\/\/aitv.ch\/accueil\/?page_id=718"},"modified":"2016-07-17T00:09:55","modified_gmt":"2016-07-17T00:09:55","slug":"testsdetancheite","status":"publish","type":"page","link":"https:\/\/aitv.ch\/accueil\/testsdetancheite\/","title":{"rendered":"Tests<br>d\u2019\u00e9tanch\u00e9it\u00e9"},"content":{"rendered":"<h2>Test d\u2019\u00e9tanch\u00e9it\u00e9 des canalisations<\/h2>\n<p>En plus de la d\u00e9tection de vos canalisations, les professionnels d\u2019AITV peuvent mesurer de mani\u00e8re extr\u00eamement fiable leur \u00e9tanch\u00e9it\u00e9 depuis une unit\u00e9 de contr\u00f4le informatis\u00e9e. Toute perte d\u2019eau ou de pression d\u2019air est rep\u00e9r\u00e9e instantan\u00e9ment \u00e0 l\u2019aide d\u2019un diagramme d\u00e9taill\u00e9.<\/p>\n<p>Ces tests d\u2019\u00e9tanch\u00e9it\u00e9 sont applicables \u00e0 toutes les dimensions de tuyaux et de regards de visite. Ils servent aussi \u00e0 v\u00e9rifier l\u2019\u00e9tanch\u00e9it\u00e9 des chambres avec l\u2019eau, de mani\u00e8re \u00e0 pallier d\u2019\u00e9ventuelles pertes.<\/p>\n","protected":false},"excerpt":{"rendered":"Test d\u2019\u00e9tanch\u00e9it\u00e9 des canalisations En plus de la d\u00e9tection de vos canalisations, les professionnels d\u2019AITV peuvent mesurer de mani\u00e8re extr\u00eamement fiable leur \u00e9tanch\u00e9it\u00e9 depuis une unit\u00e9 de contr\u00f4le informatis\u00e9e. Toute perte d\u2019eau ou de pression d\u2019air est rep\u00e9r\u00e9e instantan\u00e9ment \u00e0 l\u2019aide d\u2019un diagramme d\u00e9taill\u00e9. Ces tests d\u2019\u00e9tanch\u00e9it\u00e9 sont applicables \u00e0 toutes les dimensions de tuyaux&#8230; <a class=\"view-article\" href=\"https:\/\/aitv.ch\/accueil\/testsdetancheite\/\"><\/a>","protected":false},"author":1,"featured_media":0,"parent":0,"menu_order":0,"comment_status":"closed","ping_status":"closed","template":"page-teste.php","meta":{"_acf_changed":false,"footnotes":"","_wp_rev_ctl_limit":""},"class_list":["post-718","page","type-page","status-publish","hentry"],"acf":[],"_links":{"self":[{"href":"https:\/\/aitv.ch\/accueil\/wp-json\/wp\/v2\/pages\/718","targetHints":{"allow":["GET"]}}],"collection":[{"href":"https:\/\/aitv.ch\/accueil\/wp-json\/wp\/v2\/pages"}],"about":[{"href":"https:\/\/aitv.ch\/accueil\/wp-json\/wp\/v2\/types\/page"}],"author":[{"embeddable":true,"href":"https:\/\/aitv.ch\/accueil\/wp-json\/wp\/v2\/users\/1"}],"replies":[{"embeddable":true,"href":"https:\/\/aitv.ch\/accueil\/wp-json\/wp\/v2\/comments?post=718"}],"version-history":[{"count":1,"href":"https:\/\/aitv.ch\/accueil\/wp-json\/wp\/v2\/pages\/718\/revisions"}],"predecessor-version":[{"id":722,"href":"https:\/\/aitv.ch\/accueil\/wp-json\/wp\/v2\/pages\/718\/revisions\/722"}],"wp:attachment":[{"href":"https:\/\/aitv.ch\/accueil\/wp-json\/wp\/v2\/media?parent=718"}],"curies":[{"name":"wp","href":"https:\/\/api.w.org\/{rel}","templated":true}]}}