{"id":705,"date":"2016-07-17T00:01:26","date_gmt":"2016-07-17T00:01:26","guid":{"rendered":"http:\/\/aitv.ch\/accueil\/?page_id=705"},"modified":"2024-03-06T17:50:11","modified_gmt":"2024-03-06T17:50:11","slug":"inspectiontelevisee","status":"publish","type":"page","link":"https:\/\/aitv.ch\/accueil\/inspectiontelevisee\/","title":{"rendered":"INSPECTION<br>T\u00c9L\u00c9VIS\u00c9E"},"content":{"rendered":"<h2>INSPECTIONS T\u00c9L\u00c9VIS\u00c9ES<\/h2>\n<p>En cas de probl\u00e8me de canalisation, il est essentiel de pouvoir compter sur l\u2019intervention rapide et efficace d\u2019un sp\u00e9cialiste de l\u2019assainissement, qui pose d\u2019embl\u00e9e le bon diagnostic\u00a0!<\/p>\n<p>AITV et ses professionnels exp\u00e9riment\u00e9s vous apportent des solutions \u00e0 la pointe du progr\u00e8s, gr\u00e2ce \u00e0 des \u00e9quipements de haute technicit\u00e9, tout en vous garantissant le meilleur rapport qualit\u00e9-prix possible.<\/p>\n","protected":false},"excerpt":{"rendered":"INSPECTIONS T\u00c9L\u00c9VIS\u00c9ES En cas de probl\u00e8me de canalisation, il est essentiel de pouvoir compter sur l\u2019intervention rapide et efficace d\u2019un sp\u00e9cialiste de l\u2019assainissement, qui pose d\u2019embl\u00e9e le bon diagnostic\u00a0! AITV et ses professionnels exp\u00e9riment\u00e9s vous apportent des solutions \u00e0 la pointe du progr\u00e8s, gr\u00e2ce \u00e0 des \u00e9quipements de haute technicit\u00e9, tout en vous garantissant le&#8230; <a class=\"view-article\" href=\"https:\/\/aitv.ch\/accueil\/inspectiontelevisee\/\"><\/a>","protected":false},"author":1,"featured_media":0,"parent":0,"menu_order":0,"comment_status":"closed","ping_status":"closed","template":"page-inspection.php","meta":{"_acf_changed":false,"footnotes":"","_wp_rev_ctl_limit":""},"class_list":["post-705","page","type-page","status-publish","hentry"],"acf":[],"_links":{"self":[{"href":"https:\/\/aitv.ch\/accueil\/wp-json\/wp\/v2\/pages\/705","targetHints":{"allow":["GET"]}}],"collection":[{"href":"https:\/\/aitv.ch\/accueil\/wp-json\/wp\/v2\/pages"}],"about":[{"href":"https:\/\/aitv.ch\/accueil\/wp-json\/wp\/v2\/types\/page"}],"author":[{"embeddable":true,"href":"https:\/\/aitv.ch\/accueil\/wp-json\/wp\/v2\/users\/1"}],"replies":[{"embeddable":true,"href":"https:\/\/aitv.ch\/accueil\/wp-json\/wp\/v2\/comments?post=705"}],"version-history":[{"count":2,"href":"https:\/\/aitv.ch\/accueil\/wp-json\/wp\/v2\/pages\/705\/revisions"}],"predecessor-version":[{"id":790,"href":"https:\/\/aitv.ch\/accueil\/wp-json\/wp\/v2\/pages\/705\/revisions\/790"}],"wp:attachment":[{"href":"https:\/\/aitv.ch\/accueil\/wp-json\/wp\/v2\/media?parent=705"}],"curies":[{"name":"wp","href":"https:\/\/api.w.org\/{rel}","templated":true}]}}